{"id":192,"date":"2024-09-20T12:54:14","date_gmt":"2024-09-20T12:54:14","guid":{"rendered":"https:\/\/airezaragoza.com\/?page_id=192"},"modified":"2024-10-22T10:40:58","modified_gmt":"2024-10-22T10:40:58","slug":"contacto","status":"publish","type":"page","link":"https:\/\/airezaragoza.com\/?page_id=192","title":{"rendered":"Contacto"},"content":{"rendered":"\t\t<div data-elementor-type=\"wp-page\" data-elementor-id=\"192\" class=\"elementor elementor-192\" data-elementor-post-type=\"page\">\n\t\t\t\t<div class=\"elementor-element elementor-element-7a7e77e e-flex e-con-boxed e-con e-parent\" data-id=\"7a7e77e\" data-element_type=\"container\" data-settings=\"{&quot;background_background&quot;:&quot;classic&quot;}\">\n\t\t\t\t\t<div class=\"e-con-inner\">\n\t\t<div class=\"elementor-element elementor-element-701c13c e-con-full e-flex e-con e-child\" data-id=\"701c13c\" data-element_type=\"container\">\n\t\t\t\t<div class=\"elementor-element elementor-element-1ee28e2 elementor-widget elementor-widget-heading\" data-id=\"1ee28e2\" data-element_type=\"widget\" data-widget_type=\"heading.default\">\n\t\t\t\t<div class=\"elementor-widget-container\">\n\t\t\t<h1 class=\"elementor-heading-title elementor-size-default\">T\u00e9cnicos de aire acondicionado cerca de ti<\/h1>\t\t<\/div>\n\t\t\t\t<\/div>\n\t\t\t\t<div class=\"elementor-element elementor-element-644fb65 elementor-widget elementor-widget-heading\" data-id=\"644fb65\" data-element_type=\"widget\" data-widget_type=\"heading.default\">\n\t\t\t\t<div class=\"elementor-widget-container\">\n\t\t\t<h2 class=\"elementor-heading-title elementor-size-default\">Muchos clientes han confiado en nuestra empresa<\/h2>\t\t<\/div>\n\t\t\t\t<\/div>\n\t\t\t\t<\/div>\n\t\t\t\t\t<\/div>\n\t\t\t\t<\/div>\n\t\t<div class=\"elementor-element elementor-element-73f50d1 e-flex e-con-boxed e-con e-parent\" data-id=\"73f50d1\" data-element_type=\"container\">\n\t\t\t\t\t<div class=\"e-con-inner\">\n\t\t<div class=\"elementor-element elementor-element-4375e1e e-con-full e-flex e-con e-child\" data-id=\"4375e1e\" data-element_type=\"container\" data-settings=\"{&quot;sticky&quot;:&quot;top&quot;,&quot;sticky_parent&quot;:&quot;yes&quot;,&quot;sticky_on&quot;:[&quot;desktop&quot;,&quot;tablet&quot;],&quot;sticky_offset&quot;:0,&quot;sticky_effects_offset&quot;:0}\">\n\t\t\t\t<div class=\"elementor-element elementor-element-9e495c1 elementor-widget elementor-widget-heading\" data-id=\"9e495c1\" data-element_type=\"widget\" data-widget_type=\"heading.default\">\n\t\t\t\t<div class=\"elementor-widget-container\">\n\t\t\t<h2 class=\"elementor-heading-title elementor-size-default\">Localizaci\u00f3n<\/h2>\t\t<\/div>\n\t\t\t\t<\/div>\n\t\t\t\t<div class=\"elementor-element elementor-element-fc9c524 elementor-align-justify elementor-widget elementor-widget-button\" data-id=\"fc9c524\" data-element_type=\"widget\" data-widget_type=\"button.default\">\n\t\t\t\t<div class=\"elementor-widget-container\">\n\t\t\t\t\t<div class=\"elementor-button-wrapper\">\n\t\t\t<a class=\"elementor-button elementor-button-link elementor-size-sm\" href=\"https:\/\/www.google.es\/maps\/place\/Zaragoza\">\n\t\t\t\t\t\t<span class=\"elementor-button-content-wrapper\">\n\t\t\t\t\t\t\t\t\t<span class=\"elementor-button-text\">Zaragoza<\/span>\n\t\t\t\t\t<\/span>\n\t\t\t\t\t<\/a>\n\t\t<\/div>\n\t\t\t\t<\/div>\n\t\t\t\t<\/div>\n\t\t\t\t<div class=\"elementor-element elementor-element-585a8a7 elementor-widget elementor-widget-heading\" data-id=\"585a8a7\" data-element_type=\"widget\" data-widget_type=\"heading.default\">\n\t\t\t\t<div class=\"elementor-widget-container\">\n\t\t\t<h2 class=\"elementor-heading-title elementor-size-default\">Tel\u00e9fono fijo<\/h2>\t\t<\/div>\n\t\t\t\t<\/div>\n\t\t\t\t<div class=\"elementor-element elementor-element-78e23fb elementor-align-justify elementor-widget elementor-widget-button\" data-id=\"78e23fb\" data-element_type=\"widget\" data-widget_type=\"button.default\">\n\t\t\t\t<div class=\"elementor-widget-container\">\n\t\t\t\t\t<div class=\"elementor-button-wrapper\">\n\t\t\t<a class=\"elementor-button elementor-button-link elementor-size-sm\" href=\"tel:+34968205280\">\n\t\t\t\t\t\t<span class=\"elementor-button-content-wrapper\">\n\t\t\t\t\t\t\t\t\t<span class=\"elementor-button-text\">968 20 52 80<\/span>\n\t\t\t\t\t<\/span>\n\t\t\t\t\t<\/a>\n\t\t<\/div>\n\t\t\t\t<\/div>\n\t\t\t\t<\/div>\n\t\t\t\t<div class=\"elementor-element elementor-element-ba9c013 elementor-widget elementor-widget-heading\" data-id=\"ba9c013\" data-element_type=\"widget\" data-widget_type=\"heading.default\">\n\t\t\t\t<div class=\"elementor-widget-container\">\n\t\t\t<h2 class=\"elementor-heading-title elementor-size-default\">Tel\u00e9fono m\u00f3vil<\/h2>\t\t<\/div>\n\t\t\t\t<\/div>\n\t\t\t\t<div class=\"elementor-element elementor-element-0efbe99 elementor-align-justify elementor-widget elementor-widget-button\" data-id=\"0efbe99\" data-element_type=\"widget\" data-widget_type=\"button.default\">\n\t\t\t\t<div class=\"elementor-widget-container\">\n\t\t\t\t\t<div class=\"elementor-button-wrapper\">\n\t\t\t<a class=\"elementor-button elementor-button-link elementor-size-sm\" href=\"tel:+34722858133\">\n\t\t\t\t\t\t<span class=\"elementor-button-content-wrapper\">\n\t\t\t\t\t\t\t\t\t<span class=\"elementor-button-text\">722 85 81 33<\/span>\n\t\t\t\t\t<\/span>\n\t\t\t\t\t<\/a>\n\t\t<\/div>\n\t\t\t\t<\/div>\n\t\t\t\t<\/div>\n\t\t\t\t<\/div>\n\t\t<div class=\"elementor-element elementor-element-0320bdd e-con-full e-flex e-con e-child\" data-id=\"0320bdd\" data-element_type=\"container\">\n\t\t\t\t<div class=\"elementor-element elementor-element-dbc2934 elementor-button-align-stretch elementor-widget elementor-widget-form\" data-id=\"dbc2934\" data-element_type=\"widget\" data-settings=\"{&quot;step_next_label&quot;:&quot;Next&quot;,&quot;step_previous_label&quot;:&quot;Previous&quot;,&quot;button_width&quot;:&quot;100&quot;,&quot;step_type&quot;:&quot;number_text&quot;,&quot;step_icon_shape&quot;:&quot;circle&quot;}\" data-widget_type=\"form.default\">\n\t\t\t\t<div class=\"elementor-widget-container\">\n\t\t\t\t\t<form class=\"elementor-form\" method=\"post\" name=\"New Form\">\n\t\t\t<input type=\"hidden\" name=\"post_id\" value=\"192\"\/>\n\t\t\t<input type=\"hidden\" name=\"form_id\" value=\"dbc2934\"\/>\n\t\t\t<input type=\"hidden\" name=\"referer_title\" value=\"Contacto - Aire Zaragoza\" \/>\n\n\t\t\t\t\t\t\t<input type=\"hidden\" name=\"queried_id\" value=\"192\"\/>\n\t\t\t\n\t\t\t<div class=\"elementor-form-fields-wrapper elementor-labels-above\">\n\t\t\t\t\t\t\t\t<div class=\"elementor-field-type-text elementor-field-group elementor-column elementor-field-group-name elementor-col-100\">\n\t\t\t\t\t\t\t\t\t\t\t\t<label for=\"form-field-name\" class=\"elementor-field-label\">\n\t\t\t\t\t\t\t\tNombre\t\t\t\t\t\t\t<\/label>\n\t\t\t\t\t\t\t\t\t\t\t\t\t\t<input size=\"1\" type=\"text\" name=\"form_fields[name]\" id=\"form-field-name\" class=\"elementor-field elementor-size-sm  elementor-field-textual\" placeholder=\"Nombre\">\n\t\t\t\t\t\t\t\t\t\t\t<\/div>\n\t\t\t\t\t\t\t\t<div class=\"elementor-field-type-email elementor-field-group elementor-column elementor-field-group-email elementor-col-100 elementor-field-required\">\n\t\t\t\t\t\t\t\t\t\t\t\t<label for=\"form-field-email\" class=\"elementor-field-label\">\n\t\t\t\t\t\t\t\tEmail\t\t\t\t\t\t\t<\/label>\n\t\t\t\t\t\t\t\t\t\t\t\t\t\t<input size=\"1\" type=\"email\" name=\"form_fields[email]\" id=\"form-field-email\" class=\"elementor-field elementor-size-sm  elementor-field-textual\" placeholder=\"Email\" required=\"required\" aria-required=\"true\">\n\t\t\t\t\t\t\t\t\t\t\t<\/div>\n\t\t\t\t\t\t\t\t<div class=\"elementor-field-type-tel elementor-field-group elementor-column elementor-field-group-field_46bc64a elementor-col-100 elementor-field-required\">\n\t\t\t\t\t\t\t\t\t\t\t\t<label for=\"form-field-field_46bc64a\" class=\"elementor-field-label\">\n\t\t\t\t\t\t\t\tTel\u00e9fono\t\t\t\t\t\t\t<\/label>\n\t\t\t\t\t\t\t\t<input size=\"1\" type=\"tel\" name=\"form_fields[field_46bc64a]\" id=\"form-field-field_46bc64a\" class=\"elementor-field elementor-size-sm  elementor-field-textual\" placeholder=\"Tel\u00e9fono\" required=\"required\" aria-required=\"true\" pattern=\"[0-9()#&amp;+*-=.]+\" title=\"Only numbers and phone characters (#, -, *, etc) are accepted.\">\n\n\t\t\t\t\t\t<\/div>\n\t\t\t\t\t\t\t\t<div class=\"elementor-field-type-textarea elementor-field-group elementor-column elementor-field-group-message elementor-col-100\">\n\t\t\t\t\t\t\t\t\t\t\t\t<label for=\"form-field-message\" class=\"elementor-field-label\">\n\t\t\t\t\t\t\t\tMensaje\t\t\t\t\t\t\t<\/label>\n\t\t\t\t\t\t<textarea class=\"elementor-field-textual elementor-field  elementor-size-sm\" name=\"form_fields[message]\" id=\"form-field-message\" rows=\"4\" placeholder=\"Mensaje\"><\/textarea>\t\t\t\t<\/div>\n\t\t\t\t\t\t\t\t<div class=\"elementor-field-group elementor-column elementor-field-type-submit elementor-col-100 e-form__buttons\">\n\t\t\t\t\t<button class=\"elementor-button elementor-size-sm\" type=\"submit\">\n\t\t\t\t\t\t<span class=\"elementor-button-content-wrapper\">\n\t\t\t\t\t\t\t\t\t\t\t\t\t\t\t\t\t\t\t\t\t\t<span class=\"elementor-button-text\">Pedir m\u00e1s informaci\u00f3n<\/span>\n\t\t\t\t\t\t\t\t\t\t\t\t\t<\/span>\n\t\t\t\t\t<\/button>\n\t\t\t\t<\/div>\n\t\t\t<\/div>\n\t\t<\/form>\n\t\t\t\t<\/div>\n\t\t\t\t<\/div>\n\t\t\t\t<\/div>\n\t\t\t\t\t<\/div>\n\t\t\t\t<\/div>\n\t\t<div class=\"elementor-element elementor-element-3e53195 e-con-full e-flex e-con e-parent\" data-id=\"3e53195\" data-element_type=\"container\">\n\t\t\t\t<div class=\"elementor-element elementor-element-028600e elementor-widget elementor-widget-google_maps\" data-id=\"028600e\" data-element_type=\"widget\" data-widget_type=\"google_maps.default\">\n\t\t\t\t<div class=\"elementor-widget-container\">\n\t\t\t\t\t<div class=\"elementor-custom-embed\">\n\t\t\t<iframe loading=\"lazy\"\n\t\t\t\t\tsrc=\"https:\/\/maps.google.com\/maps?q=Zaragoza&#038;t=m&#038;z=12&#038;output=embed&#038;iwloc=near\"\n\t\t\t\t\ttitle=\"Zaragoza\"\n\t\t\t\t\taria-label=\"Zaragoza\"\n\t\t\t><\/iframe>\n\t\t<\/div>\n\t\t\t\t<\/div>\n\t\t\t\t<\/div>\n\t\t\t\t<\/div>\n\t\t\t\t<\/div>\n\t\t","protected":false},"excerpt":{"rendered":"<p>Muchos clientes han confiado en nuestra empresa Localizaci\u00f3n Tel\u00e9fono fijo Tel\u00e9fono m\u00f3vil<\/p>\n","protected":false},"author":2,"featured_media":0,"parent":0,"menu_order":0,"comment_status":"closed","ping_status":"closed","template":"elementor_header_footer","meta":{"_acf_changed":false,"footnotes":""},"class_list":["post-192","page","type-page","status-publish","hentry"],"acf":[],"yoast_head":"<!-- This site is optimized with the Yoast SEO plugin v23.9 - https:\/\/yoast.com\/wordpress\/plugins\/seo\/ -->\n<title>Contacto - Aire Zaragoza<\/title>\n<meta name=\"description\" content=\"Contacta con nuestro equipo para resolver todas tus dudas.\" \/>\n<meta name=\"robots\" content=\"index, follow, max-snippet:-1, max-image-preview:large, max-video-preview:-1\" \/>\n<link rel=\"canonical\" href=\"https:\/\/airezaragoza.com\/?page_id=192\" \/>\n<meta property=\"og:locale\" content=\"es_ES\" \/>\n<meta property=\"og:type\" content=\"article\" \/>\n<meta property=\"og:title\" content=\"Contacto - Aire Zaragoza\" \/>\n<meta property=\"og:description\" content=\"Contacta con nuestro equipo para resolver todas tus dudas.\" \/>\n<meta property=\"og:url\" content=\"https:\/\/airezaragoza.com\/?page_id=192\" \/>\n<meta property=\"og:site_name\" content=\"Aire Zaragoza\" \/>\n<meta property=\"article:modified_time\" content=\"2024-10-22T10:40:58+00:00\" \/>\n<meta name=\"twitter:card\" content=\"summary_large_image\" \/>\n<meta name=\"twitter:label1\" content=\"Tiempo de lectura\" \/>\n\t<meta name=\"twitter:data1\" content=\"1 minuto\" \/>\n<script type=\"application\/ld+json\" class=\"yoast-schema-graph\">{\"@context\":\"https:\/\/schema.org\",\"@graph\":[{\"@type\":\"WebPage\",\"@id\":\"https:\/\/airezaragoza.com\/?page_id=192\",\"url\":\"https:\/\/airezaragoza.com\/?page_id=192\",\"name\":\"Contacto - Aire Zaragoza\",\"isPartOf\":{\"@id\":\"https:\/\/airezaragoza.com\/#website\"},\"datePublished\":\"2024-09-20T12:54:14+00:00\",\"dateModified\":\"2024-10-22T10:40:58+00:00\",\"description\":\"Contacta con nuestro equipo para resolver todas tus dudas.\",\"breadcrumb\":{\"@id\":\"https:\/\/airezaragoza.com\/?page_id=192#breadcrumb\"},\"inLanguage\":\"es\",\"potentialAction\":[{\"@type\":\"ReadAction\",\"target\":[\"https:\/\/airezaragoza.com\/?page_id=192\"]}]},{\"@type\":\"BreadcrumbList\",\"@id\":\"https:\/\/airezaragoza.com\/?page_id=192#breadcrumb\",\"itemListElement\":[{\"@type\":\"ListItem\",\"position\":1,\"name\":\"Aire acondicionado en Zaragoza\",\"item\":\"https:\/\/airezaragoza.com\/\"},{\"@type\":\"ListItem\",\"position\":2,\"name\":\"Contacto\"}]},{\"@type\":\"WebSite\",\"@id\":\"https:\/\/airezaragoza.com\/#website\",\"url\":\"https:\/\/airezaragoza.com\/\",\"name\":\"Aire acondicionado Zaragoza\",\"description\":\"Si necesitas un servicio de aire acondicionado en Zaragoza, no dudes en ponerte en contacto con nosotros para instalaci\u00f3n, mantenimiento o reparaci\u00f3n. \u00a1Estamos aqu\u00ed para ofrecerte la mejor soluci\u00f3n!\",\"publisher\":{\"@id\":\"https:\/\/airezaragoza.com\/#organization\"},\"potentialAction\":[{\"@type\":\"SearchAction\",\"target\":{\"@type\":\"EntryPoint\",\"urlTemplate\":\"https:\/\/airezaragoza.com\/?s={search_term_string}\"},\"query-input\":{\"@type\":\"PropertyValueSpecification\",\"valueRequired\":true,\"valueName\":\"search_term_string\"}}],\"inLanguage\":\"es\"},{\"@type\":\"Organization\",\"@id\":\"https:\/\/airezaragoza.com\/#organization\",\"name\":\"Cerrajeros Alicante\",\"url\":\"https:\/\/airezaragoza.com\/\",\"logo\":{\"@type\":\"ImageObject\",\"inLanguage\":\"es\",\"@id\":\"https:\/\/airezaragoza.com\/#\/schema\/logo\/image\/\",\"url\":\"https:\/\/airezaragoza.com\/wp-content\/uploads\/2024\/09\/ZARAGOZA-2-e1732822298985.png\",\"contentUrl\":\"https:\/\/airezaragoza.com\/wp-content\/uploads\/2024\/09\/ZARAGOZA-2-e1732822298985.png\",\"width\":471,\"height\":157,\"caption\":\"Cerrajeros Alicante\"},\"image\":{\"@id\":\"https:\/\/airezaragoza.com\/#\/schema\/logo\/image\/\"}}]}<\/script>\n<!-- \/ Yoast SEO plugin. -->","yoast_head_json":{"title":"Contacto - Aire Zaragoza","description":"Contacta con nuestro equipo para resolver todas tus dudas.","robots":{"index":"index","follow":"follow","max-snippet":"max-snippet:-1","max-image-preview":"max-image-preview:large","max-video-preview":"max-video-preview:-1"},"canonical":"https:\/\/airezaragoza.com\/?page_id=192","og_locale":"es_ES","og_type":"article","og_title":"Contacto - Aire Zaragoza","og_description":"Contacta con nuestro equipo para resolver todas tus dudas.","og_url":"https:\/\/airezaragoza.com\/?page_id=192","og_site_name":"Aire Zaragoza","article_modified_time":"2024-10-22T10:40:58+00:00","twitter_card":"summary_large_image","twitter_misc":{"Tiempo de lectura":"1 minuto"},"schema":{"@context":"https:\/\/schema.org","@graph":[{"@type":"WebPage","@id":"https:\/\/airezaragoza.com\/?page_id=192","url":"https:\/\/airezaragoza.com\/?page_id=192","name":"Contacto - Aire Zaragoza","isPartOf":{"@id":"https:\/\/airezaragoza.com\/#website"},"datePublished":"2024-09-20T12:54:14+00:00","dateModified":"2024-10-22T10:40:58+00:00","description":"Contacta con nuestro equipo para resolver todas tus dudas.","breadcrumb":{"@id":"https:\/\/airezaragoza.com\/?page_id=192#breadcrumb"},"inLanguage":"es","potentialAction":[{"@type":"ReadAction","target":["https:\/\/airezaragoza.com\/?page_id=192"]}]},{"@type":"BreadcrumbList","@id":"https:\/\/airezaragoza.com\/?page_id=192#breadcrumb","itemListElement":[{"@type":"ListItem","position":1,"name":"Aire acondicionado en Zaragoza","item":"https:\/\/airezaragoza.com\/"},{"@type":"ListItem","position":2,"name":"Contacto"}]},{"@type":"WebSite","@id":"https:\/\/airezaragoza.com\/#website","url":"https:\/\/airezaragoza.com\/","name":"Aire acondicionado Zaragoza","description":"Si necesitas un servicio de aire acondicionado en Zaragoza, no dudes en ponerte en contacto con nosotros para instalaci\u00f3n, mantenimiento o reparaci\u00f3n. \u00a1Estamos aqu\u00ed para ofrecerte la mejor soluci\u00f3n!","publisher":{"@id":"https:\/\/airezaragoza.com\/#organization"},"potentialAction":[{"@type":"SearchAction","target":{"@type":"EntryPoint","urlTemplate":"https:\/\/airezaragoza.com\/?s={search_term_string}"},"query-input":{"@type":"PropertyValueSpecification","valueRequired":true,"valueName":"search_term_string"}}],"inLanguage":"es"},{"@type":"Organization","@id":"https:\/\/airezaragoza.com\/#organization","name":"Cerrajeros Alicante","url":"https:\/\/airezaragoza.com\/","logo":{"@type":"ImageObject","inLanguage":"es","@id":"https:\/\/airezaragoza.com\/#\/schema\/logo\/image\/","url":"https:\/\/airezaragoza.com\/wp-content\/uploads\/2024\/09\/ZARAGOZA-2-e1732822298985.png","contentUrl":"https:\/\/airezaragoza.com\/wp-content\/uploads\/2024\/09\/ZARAGOZA-2-e1732822298985.png","width":471,"height":157,"caption":"Cerrajeros Alicante"},"image":{"@id":"https:\/\/airezaragoza.com\/#\/schema\/logo\/image\/"}}]}},"_links":{"self":[{"href":"https:\/\/airezaragoza.com\/index.php?rest_route=\/wp\/v2\/pages\/192","targetHints":{"allow":["GET"]}}],"collection":[{"href":"https:\/\/airezaragoza.com\/index.php?rest_route=\/wp\/v2\/pages"}],"about":[{"href":"https:\/\/airezaragoza.com\/index.php?rest_route=\/wp\/v2\/types\/page"}],"author":[{"embeddable":true,"href":"https:\/\/airezaragoza.com\/index.php?rest_route=\/wp\/v2\/users\/2"}],"replies":[{"embeddable":true,"href":"https:\/\/airezaragoza.com\/index.php?rest_route=%2Fwp%2Fv2%2Fcomments&post=192"}],"version-history":[{"count":47,"href":"https:\/\/airezaragoza.com\/index.php?rest_route=\/wp\/v2\/pages\/192\/revisions"}],"predecessor-version":[{"id":1110,"href":"https:\/\/airezaragoza.com\/index.php?rest_route=\/wp\/v2\/pages\/192\/revisions\/1110"}],"wp:attachment":[{"href":"https:\/\/airezaragoza.com\/index.php?rest_route=%2Fwp%2Fv2%2Fmedia&parent=192"}],"curies":[{"name":"wp","href":"https:\/\/api.w.org\/{rel}","templated":true}]}}